{"id":1158,"date":"2024-10-06T09:28:49","date_gmt":"2024-10-06T15:28:49","guid":{"rendered":"https:\/\/chopili.com\/?page_id=1158"},"modified":"2025-10-20T12:19:43","modified_gmt":"2025-10-20T18:19:43","slug":"ce-tools","status":"publish","type":"page","link":"https:\/\/chopili.com\/index.php\/ce-tools\/","title":{"rendered":"CE-TOOLS"},"content":{"rendered":"<p>[et_pb_section fb_built=&#8221;1&#8243; admin_label=&#8221;Header&#8221; _builder_version=&#8221;4.17.3&#8243; _module_preset=&#8221;default&#8221; background_color=&#8221;#000000&#8243; custom_padding=&#8221;||9px|||&#8221; da_disable_devices=&#8221;off|off|off&#8221; collapsed=&#8221;on&#8221; global_colors_info=&#8221;{}&#8221; da_is_popup=&#8221;off&#8221; da_exit_intent=&#8221;off&#8221; da_has_close=&#8221;on&#8221; da_alt_close=&#8221;off&#8221; da_dark_close=&#8221;off&#8221; da_not_modal=&#8221;on&#8221; da_is_singular=&#8221;off&#8221; da_with_loader=&#8221;off&#8221; da_has_shadow=&#8221;on&#8221;][et_pb_row _builder_version=&#8221;4.17.3&#8243; _module_preset=&#8221;default&#8221; global_colors_info=&#8221;{}&#8221;][et_pb_column type=&#8221;4_4&#8243; _builder_version=&#8221;4.17.0&#8243; _module_preset=&#8221;default&#8221; global_colors_info=&#8221;{}&#8221;][et_pb_text _builder_version=&#8221;4.27.2&#8243; _module_preset=&#8221;b327cbe4-b1d5-4b66-ad37-40c8f2f061ba&#8221; header_2_font=&#8221;PT Sans|700|||||||&#8221; header_2_text_color=&#8221;#FFFFFF&#8221; header_2_font_size=&#8221;48px&#8221; header_2_line_height=&#8221;1.35em&#8221; custom_margin=&#8221;||0px||false|false&#8221; header_2_font_size_tablet=&#8221;30px&#8221; header_2_font_size_phone=&#8221;22px&#8221; header_2_font_size_last_edited=&#8221;on|phone&#8221; global_colors_info=&#8221;{}&#8221;]<\/p>\n<h2>Civil Engineering Tools<\/h2>\n<p>[\/et_pb_text][et_pb_text _builder_version=&#8221;4.27.4&#8243; _module_preset=&#8221;default&#8221; global_colors_info=&#8221;{}&#8221;]<\/p>\n<p>In this page, you can find links to other pages with design and analysis tools in civil engineering<\/p>\n<p>[\/et_pb_text][\/et_pb_column][\/et_pb_row][et_pb_row _builder_version=&#8221;4.27.2&#8243; _module_preset=&#8221;default&#8221; global_colors_info=&#8221;{}&#8221;][et_pb_column type=&#8221;4_4&#8243; _builder_version=&#8221;4.17.0&#8243; _module_preset=&#8221;default&#8221; global_colors_info=&#8221;{}&#8221;][et_pb_text _builder_version=&#8221;4.27.4&#8243; _module_preset=&#8221;e6504a1b-67eb-4b3d-b023-bcab277610b6&#8243; header_4_font=&#8221;Mukta|800||on|||||&#8221; header_4_text_color=&#8221;#12D678&#8243; header_4_font_size=&#8221;14px&#8221; header_4_letter_spacing=&#8221;0.15em&#8221; header_4_line_height=&#8221;1.5em&#8221; custom_margin=&#8221;||0px||false|false&#8221; global_colors_info=&#8221;{}&#8221;]<\/p>\n<h4>GENERAL TOOLS<\/h4>\n<p>[\/et_pb_text][et_pb_text _builder_version=&#8221;4.27.4&#8243; _module_preset=&#8221;4c43b4b6-66bf-432d-959a-705bda24a650&#8243; text_font=&#8221;Mukta|500|||||||&#8221; text_text_color=&#8221;rgba(255,255,255,0.6)&#8221; text_line_height=&#8221;1.4em&#8221; min_height=&#8221;135.2px&#8221; custom_padding=&#8221;1px|||||&#8221; hover_enabled=&#8221;0&#8243; header_font_size_tablet=&#8221;55px&#8221; header_font_size_last_edited=&#8221;off|desktop&#8221; global_colors_info=&#8221;{}&#8221; sticky_enabled=&#8221;0&#8243;]<\/p>\n<ul>\n<li><a href=\"https:\/\/chopili.com\/index.php\/hg001\/\" target=\"_blank\" rel=\"noopener\">GT001 &#8211; Rebar table and tools<\/a><\/li>\n<li><a href=\"https:\/\/chopili.com\/index.php\/hg002\/\" target=\"_blank\" rel=\"noopener\">GT002 &#8211; Steel profile database (AISC database)<\/a><\/li>\n<\/ul>\n<p><span style=\"font-size: 18px;\"><\/span><\/p>\n<p>&nbsp;<\/p>\n<p>[\/et_pb_text][et_pb_text _builder_version=&#8221;4.27.4&#8243; _module_preset=&#8221;e6504a1b-67eb-4b3d-b023-bcab277610b6&#8243; header_4_font=&#8221;Mukta|800||on|||||&#8221; header_4_text_color=&#8221;#12D678&#8243; header_4_font_size=&#8221;14px&#8221; header_4_letter_spacing=&#8221;0.15em&#8221; header_4_line_height=&#8221;1.5em&#8221; custom_margin=&#8221;||0px||false|false&#8221; hover_enabled=&#8221;0&#8243; global_colors_info=&#8221;{}&#8221; sticky_enabled=&#8221;0&#8243;]<\/p>\n<h4>REINFORCED CONCRETE DESIGN &#8211; NTC- 2023<\/h4>\n<p>[\/et_pb_text][et_pb_text _builder_version=&#8221;4.27.4&#8243; _module_preset=&#8221;4c43b4b6-66bf-432d-959a-705bda24a650&#8243; text_font=&#8221;Mukta|500|||||||&#8221; text_text_color=&#8221;rgba(255,255,255,0.6)&#8221; text_line_height=&#8221;1.4em&#8221; custom_padding=&#8221;0px|||||&#8221; hover_enabled=&#8221;0&#8243; header_font_size_tablet=&#8221;55px&#8221; header_font_size_last_edited=&#8221;off|desktop&#8221; global_colors_info=&#8221;{}&#8221; sticky_enabled=&#8221;0&#8243;]<\/p>\n<ul>\n<li>RC001 &#8211; Rectangular beam &#8211;\u00a0 reinforced in tension<\/li>\n<li><a href=\"https:\/\/chopili.com\/index.php\/rc009\/\" target=\"_blank\" rel=\"noopener\">RC009 &#8211; Dise\u00f1o de losa apoyada en una direcci\u00f3n sobre trabes monol\u00edticas y no monol\u00edticas (NTC-2023)<\/a><\/li>\n<\/ul>\n<p><span style=\"font-family: Consolas, Monaco, monospace;\"><\/p>\n<p>&nbsp;<\/p>\n<p>[\/et_pb_text][et_pb_text _builder_version=&#8221;4.27.4&#8243; _module_preset=&#8221;e6504a1b-67eb-4b3d-b023-bcab277610b6&#8243; header_4_font=&#8221;Mukta|800||on|||||&#8221; header_4_text_color=&#8221;#12D678&#8243; header_4_font_size=&#8221;14px&#8221; header_4_letter_spacing=&#8221;0.15em&#8221; header_4_line_height=&#8221;1.5em&#8221; custom_margin=&#8221;||0px||false|false&#8221; global_colors_info=&#8221;{}&#8221;]<\/p>\n<h4>STEEL DESIGN (AISC-360)<\/h4>\n<p>[\/et_pb_text][et_pb_text _builder_version=&#8221;4.27.4&#8243; _module_preset=&#8221;4c43b4b6-66bf-432d-959a-705bda24a650&#8243; text_font=&#8221;Mukta|500|||||||&#8221; text_text_color=&#8221;rgba(255,255,255,0.6)&#8221; text_line_height=&#8221;1.4em&#8221; custom_padding=&#8221;0px|||||&#8221; header_font_size_tablet=&#8221;55px&#8221; header_font_size_last_edited=&#8221;off|desktop&#8221; global_colors_info=&#8221;{}&#8221;]<\/p>\n<ul>\n<li>EA001: Dise\u00f1o perfiles de acero a tensi\u00f3n de fluencia (AISC 360-16)<\/li>\n<li>EA002: Sobre el &#8220;shear lag&#8221; (retraso de esfuerzo)<\/li>\n<li>EA003: Sobre distancias m\u00ednimos y diam\u00e9tros m\u00ednimos<\/li>\n<li>EA004: Dise\u00f1o de miembros a compresi\u00f3n (AISC 360-16)<\/li>\n<li>EA005: Dise\u00f1o de miembros a flexion (AISC 360-16)<\/li>\n<li>EA006: Dise\u00f1o de miembros a cortante(AISC 360-16)<\/li>\n<li>EA007: Losa acero sobre trabes de acero (NTC-2023)<\/li>\n<li>EA008: Losa de concreto sobre trabes de acero (NTC-2023)<\/li>\n<\/ul>\n<p><span style=\"font-family: Consolas, Monaco, monospace;\"><\/p>\n<p>&nbsp;<\/p>\n<p>[\/et_pb_text][et_pb_text _builder_version=&#8221;4.27.3&#8243; _module_preset=&#8221;e6504a1b-67eb-4b3d-b023-bcab277610b6&#8243; header_4_font=&#8221;Mukta|800||on|||||&#8221; header_4_text_color=&#8221;#12D678&#8243; header_4_font_size=&#8221;14px&#8221; header_4_letter_spacing=&#8221;0.15em&#8221; header_4_line_height=&#8221;1.5em&#8221; custom_margin=&#8221;||0px||false|false&#8221; global_colors_info=&#8221;{}&#8221;]<\/p>\n<h4>CONSTRUCCI\u00d3N: ADMINISTRACI\u00d3N, GESTI\u00d3N Y ESTIMACI\u00d3N<\/h4>\n<p>[\/et_pb_text][et_pb_text _builder_version=&#8221;4.27.3&#8243; _module_preset=&#8221;4c43b4b6-66bf-432d-959a-705bda24a650&#8243; text_font=&#8221;Mukta|500|||||||&#8221; text_text_color=&#8221;rgba(255,255,255,0.6)&#8221; text_line_height=&#8221;1.4em&#8221; custom_padding=&#8221;0px|||||&#8221; header_font_size_tablet=&#8221;55px&#8221; header_font_size_last_edited=&#8221;off|desktop&#8221; global_colors_info=&#8221;{}&#8221;]<\/p>\n<ul>\n<li>AG001: Rendimientos de unidades productivas (tomados de literatura)<\/li>\n<li>AG002: Estimaci\u00f3n de cantidades y volumenes de insumos: cimbra y obra auxiliar (obra falsa)<\/li>\n<li>AG003: Estimaci\u00f3n de cantidades y vol\u00famenes de insumos: concreto, morteros y cementantes<\/li>\n<li>AG004: Financiamiento de obra<\/li>\n<\/ul>\n<p><span style=\"font-family: Consolas, Monaco, monospace;\"><\/p>\n<p>&nbsp;<\/p>\n<p>[\/et_pb_text][et_pb_text _builder_version=&#8221;4.27.3&#8243; _module_preset=&#8221;e6504a1b-67eb-4b3d-b023-bcab277610b6&#8243; header_4_font=&#8221;Mukta|800||on|||||&#8221; header_4_text_color=&#8221;#12D678&#8243; header_4_font_size=&#8221;14px&#8221; header_4_letter_spacing=&#8221;0.15em&#8221; header_4_line_height=&#8221;1.5em&#8221; custom_margin=&#8221;||0px||false|false&#8221; global_colors_info=&#8221;{}&#8221;]<\/p>\n<h4>GEOTECNIA: CALCULOS EN INGENIER\u00cdA DE CIMENTACIONES<\/h4>\n<p>[\/et_pb_text][et_pb_text _builder_version=&#8221;4.27.3&#8243; _module_preset=&#8221;4c43b4b6-66bf-432d-959a-705bda24a650&#8243; text_font=&#8221;Mukta|500|||||||&#8221; text_text_color=&#8221;rgba(255,255,255,0.6)&#8221; text_line_height=&#8221;1.4em&#8221; custom_padding=&#8221;0px|||||&#8221; header_font_size_tablet=&#8221;55px&#8221; header_font_size_last_edited=&#8221;off|desktop&#8221; global_colors_info=&#8221;{}&#8221;]<\/p>\n<ul>\n<li>DG001: Estimaci\u00f3n de falla de muro de contenci\u00f3n como cuerpo r\u00edgido<\/li>\n<li>DG002: Estimaci\u00f3n de falla de muro de contenci\u00f3n como cuerpo flexible (concreto reforzado)<\/li>\n<li>DG003: Teor\u00eda de capacidad de carga de Terzaghi<\/li>\n<li>DG004: Teor\u00eda general de capacidad de carga<\/li>\n<li>DG005: Esfuerzo bajo cimentaci\u00f3n de zapata aislada<\/li>\n<\/ul>\n<p><span style=\"font-family: Consolas, Monaco, monospace;\"><\/p>\n<p>&nbsp;<\/p>\n<p>[\/et_pb_text][\/et_pb_column][\/et_pb_row][\/et_pb_section][et_pb_section fb_built=&#8221;1&#8243; admin_label=&#8221;Footer&#8221; _builder_version=&#8221;4.17.3&#8243; _module_preset=&#8221;default&#8221; background_color=&#8221;#000000&#8243; use_background_color_gradient=&#8221;on&#8221; background_color_gradient_stops=&#8221;rgba(0,0,0,0.2) 0%|#000000 90%&#8221; background_color_gradient_overlays_image=&#8221;on&#8221; background_image=&#8221;https:\/\/chopili.com\/wp-content\/uploads\/2022\/10\/online-course54.png&#8221; background_size=&#8221;contain&#8221; background_position=&#8221;top_center&#8221; background_repeat=&#8221;repeat-x&#8221; da_disable_devices=&#8221;off|off|off&#8221; saved_tabs=&#8221;all&#8221; collapsed=&#8221;on&#8221; global_colors_info=&#8221;{}&#8221; da_is_popup=&#8221;off&#8221; da_exit_intent=&#8221;off&#8221; da_has_close=&#8221;on&#8221; da_alt_close=&#8221;off&#8221; da_dark_close=&#8221;off&#8221; da_not_modal=&#8221;on&#8221; da_is_singular=&#8221;off&#8221; da_with_loader=&#8221;off&#8221; da_has_shadow=&#8221;on&#8221;][\/et_pb_section]<\/p>\n","protected":false},"excerpt":{"rendered":"<p>Civil Engineering ToolsIn this page, you can find links to other pages with design and analysis tools in civil engineeringGENERAL TOOLS GT001 &#8211; Rebar table and tools GT002 &#8211; Steel profile database (AISC database)  &nbsp;REINFORCED CONCRETE DESIGN [&hellip;]<\/p>\n","protected":false},"author":1,"featured_media":0,"parent":0,"menu_order":0,"comment_status":"closed","ping_status":"closed","template":"","meta":{"_et_pb_use_builder":"on","_et_pb_old_content":"","_et_gb_content_width":"","footnotes":""},"folder":[50],"class_list":["post-1158","page","type-page","status-publish","hentry"],"_links":{"self":[{"href":"https:\/\/chopili.com\/index.php\/wp-json\/wp\/v2\/pages\/1158","targetHints":{"allow":["GET"]}}],"collection":[{"href":"https:\/\/chopili.com\/index.php\/wp-json\/wp\/v2\/pages"}],"about":[{"href":"https:\/\/chopili.com\/index.php\/wp-json\/wp\/v2\/types\/page"}],"author":[{"embeddable":true,"href":"https:\/\/chopili.com\/index.php\/wp-json\/wp\/v2\/users\/1"}],"replies":[{"embeddable":true,"href":"https:\/\/chopili.com\/index.php\/wp-json\/wp\/v2\/comments?post=1158"}],"version-history":[{"count":28,"href":"https:\/\/chopili.com\/index.php\/wp-json\/wp\/v2\/pages\/1158\/revisions"}],"predecessor-version":[{"id":1346,"href":"https:\/\/chopili.com\/index.php\/wp-json\/wp\/v2\/pages\/1158\/revisions\/1346"}],"wp:attachment":[{"href":"https:\/\/chopili.com\/index.php\/wp-json\/wp\/v2\/media?parent=1158"}],"wp:term":[{"taxonomy":"folder","embeddable":true,"href":"https:\/\/chopili.com\/index.php\/wp-json\/wp\/v2\/folder?post=1158"}],"curies":[{"name":"wp","href":"https:\/\/api.w.org\/{rel}","templated":true}]}}