{"id":632,"date":"2023-07-21T20:56:32","date_gmt":"2023-07-22T01:56:32","guid":{"rendered":"https:\/\/chopili.com\/?page_id=632"},"modified":"2024-11-09T20:45:45","modified_gmt":"2024-11-10T02:45:45","slug":"assp","status":"publish","type":"page","link":"https:\/\/chopili.com\/index.php\/assp\/","title":{"rendered":"STAAD.PRO"},"content":{"rendered":"<p>[et_pb_section fb_built=&#8221;1&#8243; admin_label=&#8221;Header&#8221; _builder_version=&#8221;4.17.3&#8243; _module_preset=&#8221;default&#8221; background_color=&#8221;#000000&#8243; custom_padding=&#8221;||9px|||&#8221; collapsed=&#8221;on&#8221; global_colors_info=&#8221;{}&#8221; da_is_popup=&#8221;off&#8221; da_exit_intent=&#8221;off&#8221; da_has_close=&#8221;on&#8221; da_alt_close=&#8221;off&#8221; da_dark_close=&#8221;off&#8221; da_not_modal=&#8221;on&#8221; da_is_singular=&#8221;off&#8221; da_with_loader=&#8221;off&#8221; da_has_shadow=&#8221;on&#8221; da_disable_devices=&#8221;off|off|off&#8221;][et_pb_row column_structure=&#8221;1_3,2_3&#8243; _builder_version=&#8221;4.17.3&#8243; _module_preset=&#8221;default&#8221; global_colors_info=&#8221;{}&#8221;][et_pb_column type=&#8221;1_3&#8243; _builder_version=&#8221;4.17.0&#8243; _module_preset=&#8221;default&#8221; global_colors_info=&#8221;{}&#8221;][et_pb_text _builder_version=&#8221;4.21.0&#8243; _module_preset=&#8221;e6504a1b-67eb-4b3d-b023-bcab277610b6&#8243; header_4_font=&#8221;Mukta|800||on|||||&#8221; header_4_text_color=&#8221;#12D678&#8243; header_4_font_size=&#8221;14px&#8221; header_4_letter_spacing=&#8221;0.15em&#8221; header_4_line_height=&#8221;1.5em&#8221; custom_margin=&#8221;||0px||false|false&#8221; global_colors_info=&#8221;{}&#8221;]<\/p>\n<h4>CURSO<\/h4>\n<p>[\/et_pb_text][et_pb_text _builder_version=&#8221;4.21.0&#8243; _module_preset=&#8221;b327cbe4-b1d5-4b66-ad37-40c8f2f061ba&#8221; header_2_font=&#8221;PT Sans|700|||||||&#8221; header_2_text_color=&#8221;#FFFFFF&#8221; header_2_font_size=&#8221;48px&#8221; header_2_line_height=&#8221;1.35em&#8221; custom_margin=&#8221;||0px||false|false&#8221; header_2_font_size_tablet=&#8221;30px&#8221; header_2_font_size_phone=&#8221;22px&#8221; header_2_font_size_last_edited=&#8221;on|phone&#8221; global_colors_info=&#8221;{}&#8221;]<\/p>\n<h2>Staad.Pro<\/h2>\n<p>[\/et_pb_text][et_pb_text _builder_version=&#8221;4.21.0&#8243; _module_preset=&#8221;default&#8221; global_colors_info=&#8221;{}&#8221;]<\/p>\n<p>Esta serie de videos est\u00e1 organizada en m\u00f3dulos que van de lo b\u00e1sico a lo complejo.\u00a0<\/p>\n<p>[\/et_pb_text][\/et_pb_column][et_pb_column type=&#8221;2_3&#8243; _builder_version=&#8221;4.17.0&#8243; _module_preset=&#8221;default&#8221; global_colors_info=&#8221;{}&#8221;][et_pb_video src=&#8221;https:\/\/www.youtube.com\/watch?v=FkQuawiGWUw&#8221; image_src=&#8221;https:\/\/chopili.com\/wp-content\/uploads\/2023\/07\/online-course36.jpg&#8221; play_icon_color=&#8221;#12D678&#8243; font_icon=&#8221;&#xf144;||fa||900&#8243; _builder_version=&#8221;4.17.3&#8243; _module_preset=&#8221;default&#8221; border_width_all=&#8221;1px&#8221; border_color_all=&#8221;#12D678&#8243; global_colors_info=&#8221;{}&#8221;][\/et_pb_video][\/et_pb_column][\/et_pb_row][et_pb_row column_structure=&#8221;1_2,1_2&#8243; _builder_version=&#8221;4.17.1&#8243; _module_preset=&#8221;default&#8221; global_colors_info=&#8221;{}&#8221;][et_pb_column type=&#8221;1_2&#8243; _builder_version=&#8221;4.17.0&#8243; _module_preset=&#8221;default&#8221; global_colors_info=&#8221;{}&#8221;][et_pb_text _builder_version=&#8221;4.17.3&#8243; _module_preset=&#8221;e6504a1b-67eb-4b3d-b023-bcab277610b6&#8243; header_4_font=&#8221;Mukta|800||on|||||&#8221; header_4_text_color=&#8221;#12D678&#8243; header_4_font_size=&#8221;14px&#8221; header_4_letter_spacing=&#8221;0.15em&#8221; header_4_line_height=&#8221;1.5em&#8221; custom_margin=&#8221;||0px||false|false&#8221; global_colors_info=&#8221;{}&#8221;]<\/p>\n<h4>INCLUYE<\/h4>\n<p>[\/et_pb_text][et_pb_text _builder_version=&#8221;4.27.3&#8243; _module_preset=&#8221;4c43b4b6-66bf-432d-959a-705bda24a650&#8243; text_font=&#8221;Mukta|500|||||||&#8221; text_text_color=&#8221;rgba(255,255,255,0.6)&#8221; text_line_height=&#8221;1.4em&#8221; custom_padding=&#8221;5px|||||&#8221; hover_enabled=&#8221;0&#8243; header_font_size_tablet=&#8221;55px&#8221; header_font_size_last_edited=&#8221;off|desktop&#8221; global_colors_info=&#8221;{}&#8221; sticky_enabled=&#8221;0&#8243;]<\/p>\n<p><span style=\"font-size: 18px;\">MA = Modelaci\u00f3n y An\u00e1lisis<br \/><\/span><span style=\"font-size: 18px;\">MAD = Modelaci\u00f3n, An\u00e1lisis y Dise\u00f1o<\/span><\/p>\n<ul>\n<li>SP001: Interfaz gr\u00e1fica y configuraci\u00f3n<\/li>\n<li>SP002: Explicaci\u00f3n sobre ejes globales y locales para STAAD.PRO<\/li>\n<li>SP003: Buenas pr\u00e1cticas en staad.pro<\/li>\n<li>SP004: Modelado y geometr\u00eda de estructuras<\/li>\n<li>Sp005: Vistas a la hora de trabajar<\/li>\n<li>SP006: Propiedades y materiales de miembros estructurales<\/li>\n<li>SP007: Especificaciones para nodos, vigas y placas<\/li>\n<li>SP008: Tipos de apoyos<\/li>\n<li>SP009: Uso de cargas de referencia<\/li>\n<li>SP010: Carga nodal y en miembros (lineales) estructurales<\/li>\n<li>SP011: Carga en \u00e1rea, pisos y placas<\/li>\n<li>SP012: Carga gravitacional &#8211; NTC-2023<\/li>\n<\/ul>\n<p>[\/et_pb_text][\/et_pb_column][et_pb_column type=&#8221;1_2&#8243; _builder_version=&#8221;4.17.1&#8243; _module_preset=&#8221;default&#8221; custom_padding_tablet=&#8221;30px||30px||true|false&#8221; custom_padding_phone=&#8221;30px||30px||true|false&#8221; custom_padding_last_edited=&#8221;on|tablet&#8221; global_colors_info=&#8221;{}&#8221;][et_pb_text _builder_version=&#8221;4.27.3&#8243; _module_preset=&#8221;4c43b4b6-66bf-432d-959a-705bda24a650&#8243; text_font=&#8221;Mukta|500|||||||&#8221; text_text_color=&#8221;rgba(255,255,255,0.6)&#8221; text_line_height=&#8221;1.4em&#8221; custom_padding=&#8221;5px|||||&#8221; hover_enabled=&#8221;0&#8243; header_font_size_tablet=&#8221;55px&#8221; header_font_size_last_edited=&#8221;off|desktop&#8221; global_colors_info=&#8221;{}&#8221; sticky_enabled=&#8221;0&#8243;]<\/p>\n<p>&nbsp;<\/p>\n<ul>\n<li>SP013: Carga de viento &#8211; CFE-2020<\/li>\n<li>SP014: Carga de sismo &#8211; CFE-2015<\/li>\n<li>SP015: MA de sismo &#8211; paso a paso (historia del tiempo)<\/li>\n<li><span style=\"font-size: 18px;\">SP016: MA de losa en una direcci\u00f3n<\/span><\/li>\n<li>SP017: MA de losa en dos direcciones<\/li>\n<li>SP018: MA de muro de contenci\u00f3n<\/li>\n<li>SP019: MA de losa de cimentaci\u00f3n<\/li>\n<li>SP020: MA de mamposter\u00eda confinada (muro confinado)<\/li>\n<li>SP021: MA de nave industrial de acero estructural<\/li>\n<li>SP022: MA de edificio de mamposter\u00eda confinada<\/li>\n<li>SP023: MA de edificio de concreto reforzado<\/li>\n<li>SP024: MA de edificio de acero estructural<\/li>\n<li>SP025: MAD de edificio de concreto reforzado<\/li>\n<li>SP026: MAD de edificios de acero estructural<\/li>\n<\/ul>\n<p>&nbsp;<\/p>\n<p>[\/et_pb_text][\/et_pb_column][\/et_pb_row][\/et_pb_section][et_pb_section fb_built=&#8221;1&#8243; admin_label=&#8221;Toggles&#8221; _builder_version=&#8221;4.17.3&#8243; _module_preset=&#8221;default&#8221; background_color=&#8221;#000000&#8243; locked=&#8221;off&#8221; collapsed=&#8221;on&#8221; global_colors_info=&#8221;{}&#8221; da_is_popup=&#8221;off&#8221; da_exit_intent=&#8221;off&#8221; da_has_close=&#8221;on&#8221; da_alt_close=&#8221;off&#8221; da_dark_close=&#8221;off&#8221; da_not_modal=&#8221;on&#8221; da_is_singular=&#8221;off&#8221; da_with_loader=&#8221;off&#8221; da_has_shadow=&#8221;on&#8221; da_disable_devices=&#8221;off|off|off&#8221;][et_pb_row column_structure=&#8221;1_3,1_3,1_3&#8243; _builder_version=&#8221;4.17.0&#8243; _module_preset=&#8221;default&#8221; global_colors_info=&#8221;{}&#8221;][et_pb_column type=&#8221;1_3&#8243; _builder_version=&#8221;4.17.0&#8243; _module_preset=&#8221;default&#8221; global_colors_info=&#8221;{}&#8221;][et_pb_image src=&#8221;https:\/\/chopili.com\/wp-content\/uploads\/2023\/07\/online-desig-course-icon-09.png&#8221; title_text=&#8221;online-desig-course-icon-09&#8243; align=&#8221;center&#8221; _builder_version=&#8221;4.21.0&#8243; _module_preset=&#8221;default&#8221; global_colors_info=&#8221;{}&#8221;][\/et_pb_image][et_pb_toggle title=&#8221;          M\u00d3DULO 0 :: %22INTRO%22&#8243; open_toggle_text_color=&#8221;#12D678&#8243; open_toggle_background_color=&#8221;#1E1F25&#8243; closed_toggle_background_color=&#8221;#1E1F25&#8243; icon_color=&#8221;#FFFFFF&#8221; toggle_icon=&#8221;&#x4c;||divi||400&#8243; use_icon_font_size=&#8221;on&#8221; open_icon_color=&#8221;#12D678&#8243; open_toggle_icon=&#8221;&#x21;||divi||400&#8243; _builder_version=&#8221;4.21.0&#8243; _module_preset=&#8221;default&#8221; title_text_color=&#8221;#FFFFFF&#8221; title_font=&#8221;PT Sans|700|||||||&#8221; title_font_size=&#8221;20px&#8221; body_font=&#8221;Mukta|500|||||||&#8221; body_text_color=&#8221;#FFFFFF&#8221; body_font_size=&#8221;16px&#8221; body_line_height=&#8221;1.4em&#8221; body_font_size_tablet=&#8221;14px&#8221; body_font_size_phone=&#8221;14px&#8221; body_font_size_last_edited=&#8221;on|tablet&#8221; border_width_all=&#8221;0px&#8221; border_color_all=&#8221;#12D678&#8243; border_width_top=&#8221;1px&#8221; global_colors_info=&#8221;{}&#8221;]<\/p>\n<p>\u00a0Este m\u00f3dulo contiene:<\/p>\n<ul>\n<li>Introducci\u00f3n a la interfaz gr\u00e1fica de usuario de Staad.Pro<\/li>\n<li>Procesos manual para &#8220;correr&#8221; un modelo estructural<\/li>\n<li>Trabajo con diferentes sistemas de unidades<\/li>\n<li>Uso del &#8220;Structure wizard&#8221; y &#8220;grids&#8221; para dibujar estructuras<\/li>\n<li>Procesos gr\u00e1ficos b\u00e1sicos con nodos, trabes y placas.<\/li>\n<li>Configuraci\u00f3n de etiquetado (&#8220;Label setting&#8221;) y trabajo con herramientas de\u00a0 vistas<\/li>\n<li>El arte de la &#8220;selecci\u00f3n&#8221; de primitivos en el an\u00e1lisis estructural.<\/li>\n<li>Trabajo b\u00e1sico con materiales y propiedades de miembros estructurales<\/li>\n<li>Trabajo b\u00e1sico con especificaciones y condiciones de frontera (apoyo).<\/li>\n<li>Cargas b\u00e1sica en estructuras<\/li>\n<li>Correr&#8221; un an\u00e1lisis estructural b\u00e1sico<\/li>\n<li>Lectura de datos de salida en la interfaz gr\u00e1fica de usuario (postprocesing).<\/li>\n<\/ul>\n<p>[\/et_pb_toggle][\/et_pb_column][et_pb_column type=&#8221;1_3&#8243; _builder_version=&#8221;4.17.0&#8243; _module_preset=&#8221;default&#8221; global_colors_info=&#8221;{}&#8221;][et_pb_image src=&#8221;https:\/\/chopili.com\/wp-content\/uploads\/2023\/07\/online-desig-course-icon-09.png&#8221; title_text=&#8221;online-desig-course-icon-09&#8243; align=&#8221;center&#8221; _builder_version=&#8221;4.24.2&#8243; _module_preset=&#8221;default&#8221; global_colors_info=&#8221;{}&#8221;][\/et_pb_image][et_pb_toggle title=&#8221;M\u00d3DULO 1 :: %22lET&#8217;S GO%22&#8243; open_toggle_text_color=&#8221;#12D678&#8243; open_toggle_background_color=&#8221;#1E1F25&#8243; closed_toggle_background_color=&#8221;#1E1F25&#8243; icon_color=&#8221;#FFFFFF&#8221; toggle_icon=&#8221;&#x4c;||divi||400&#8243; use_icon_font_size=&#8221;on&#8221; open_icon_color=&#8221;#12D678&#8243; open_toggle_icon=&#8221;&#x21;||divi||400&#8243; _builder_version=&#8221;4.17.3&#8243; _module_preset=&#8221;default&#8221; title_text_color=&#8221;#FFFFFF&#8221; title_font=&#8221;PT Sans|700|||||||&#8221; title_font_size=&#8221;20px&#8221; body_font=&#8221;Mukta|500|||||||&#8221; body_text_color=&#8221;#FFFFFF&#8221; body_font_size=&#8221;16px&#8221; body_line_height=&#8221;1.4em&#8221; body_font_size_tablet=&#8221;14px&#8221; body_font_size_phone=&#8221;14px&#8221; body_font_size_last_edited=&#8221;on|tablet&#8221; border_width_all=&#8221;0px&#8221; border_color_all=&#8221;#12D678&#8243; border_width_top=&#8221;1px&#8221; locked=&#8221;off&#8221; global_colors_info=&#8221;{}&#8221;]<\/p>\n<p>Este m\u00f3dulo contiene:<\/p>\n<ul>\n<li>Proceso de ordenar e ingresar las acciones (cargas) en estructuras.<\/li>\n<li>Creaci\u00f3n de &#8220;grupos&#8221; para selecci\u00f3n<\/li>\n<li>Uso avanzado de &#8220;especificaciones&#8221; de diversos tipos y para diversos contextos.<\/li>\n<li>Modelaci\u00f3n de vigas en 2D y 3D<\/li>\n<li>Modelaci\u00f3n de armaduras en 2D y 3D<\/li>\n<li>Modelaci\u00f3n de marcos r\u00edgidos en 2D y 3D<\/li>\n<li>Modelaci\u00f3n avanzada con placas y la intepretaci\u00f3n de los datos de salida en la interfaz gr\u00e1fica.<\/li>\n<li><span style=\"font-size: 16px;\">Trabajo con el &#8220;Command file&#8221;<\/span><\/li>\n<li><span style=\"font-size: 16px;\">Modelaci\u00f3n b\u00e1sica de s\u00f3lidos.<\/span><\/li>\n<li>Acciones avanzadas sobre estructuras: Definici\u00f3n, casos, combinaciones y envolventes.<\/li>\n<li>Especificaciones y condiciones de frontera avanzadas en estructuras<\/li>\n<li><span style=\"font-size: 16px;\">Errores y m\u00e1s errores en el &#8220;command file&#8221;<\/span><\/li>\n<li>Documentos de salida y lectura de datos de entrada\/salida (resultados).<span style=\"font-size: 16px;\"><\/span><\/li>\n<\/ul>\n<p>[\/et_pb_toggle][\/et_pb_column][et_pb_column type=&#8221;1_3&#8243; _builder_version=&#8221;4.17.0&#8243; _module_preset=&#8221;default&#8221; global_colors_info=&#8221;{}&#8221;][et_pb_image src=&#8221;https:\/\/chopili.com\/wp-content\/uploads\/2023\/07\/online-desig-course-icon-09.png&#8221; title_text=&#8221;online-desig-course-icon-09&#8243; align=&#8221;center&#8221; _builder_version=&#8221;4.21.0&#8243; _module_preset=&#8221;default&#8221; global_colors_info=&#8221;{}&#8221;][\/et_pb_image][et_pb_toggle title=&#8221;M\u00d3DULO 3 &#8211; %22APPLY%22&#8243; open_toggle_text_color=&#8221;#12D678&#8243; open_toggle_background_color=&#8221;#1E1F25&#8243; closed_toggle_background_color=&#8221;#1E1F25&#8243; icon_color=&#8221;#FFFFFF&#8221; toggle_icon=&#8221;&#x4c;||divi||400&#8243; use_icon_font_size=&#8221;on&#8221; open_icon_color=&#8221;#12D678&#8243; open_toggle_icon=&#8221;&#x21;||divi||400&#8243; _builder_version=&#8221;4.21.0&#8243; _module_preset=&#8221;default&#8221; title_text_color=&#8221;#FFFFFF&#8221; title_font=&#8221;PT Sans|700|||||||&#8221; title_font_size=&#8221;20px&#8221; body_font=&#8221;Mukta|500|||||||&#8221; body_text_color=&#8221;#FFFFFF&#8221; body_font_size=&#8221;16px&#8221; body_line_height=&#8221;1.4em&#8221; body_font_size_tablet=&#8221;14px&#8221; body_font_size_phone=&#8221;14px&#8221; body_font_size_last_edited=&#8221;on|tablet&#8221; border_width_all=&#8221;0px&#8221; border_color_all=&#8221;#12D678&#8243; border_width_top=&#8221;1px&#8221; locked=&#8221;off&#8221; global_colors_info=&#8221;{}&#8221;]<\/p>\n<p>Este m\u00f3dulo contiene:<\/p>\n<ul>\n<li>Factores de reducci\u00f3n en miembros estructurales.<\/li>\n<li>Modelaci\u00f3n de losas macizas<\/li>\n<li>Modelaci\u00f3n de losas aligeradas<\/li>\n<li>Modelaci\u00f3n de losas hecha con vigueta y bovedilla<\/li>\n<li>Modelaci\u00f3n de cimiento aislado (zapata aislada)<\/li>\n<li>Modelaci\u00f3n de cimiento corrido (zapata corrida)<\/li>\n<li>Modelaci\u00f3n de losa de cimentaci\u00f3n<\/li>\n<li>Modelaci\u00f3n de otros tipos de cimentaci\u00f3n<\/li>\n<li>Modelaci\u00f3n de muros de contenci\u00f3n<\/li>\n<li>&#8220;Artilugios&#8221; en la modelaci\u00f3n estructural<\/li>\n<li>Aspectos de la modelaci\u00f3n estructural para naves industriales<\/li>\n<li>Aspectos de la modelaci\u00f3n estructural para edificios de acero<\/li>\n<\/ul>\n<p>[\/et_pb_toggle][\/et_pb_column][\/et_pb_row][et_pb_row column_structure=&#8221;1_3,1_3,1_3&#8243; _builder_version=&#8221;4.17.0&#8243; _module_preset=&#8221;default&#8221; global_colors_info=&#8221;{}&#8221;][et_pb_column type=&#8221;1_3&#8243; _builder_version=&#8221;4.17.0&#8243; _module_preset=&#8221;default&#8221; global_colors_info=&#8221;{}&#8221;][et_pb_image src=&#8221;https:\/\/chopili.com\/wp-content\/uploads\/2023\/07\/online-desig-course-icon-09.png&#8221; title_text=&#8221;online-desig-course-icon-09&#8243; align=&#8221;center&#8221; _builder_version=&#8221;4.21.0&#8243; _module_preset=&#8221;default&#8221; global_colors_info=&#8221;{}&#8221;][\/et_pb_image][et_pb_toggle title=&#8221;M\u00d3DULO 4 &#8211; %22STEEL%22&#8243; open_toggle_text_color=&#8221;#12D678&#8243; open_toggle_background_color=&#8221;#1E1F25&#8243; closed_toggle_background_color=&#8221;#1E1F25&#8243; icon_color=&#8221;#FFFFFF&#8221; toggle_icon=&#8221;&#x4c;||divi||400&#8243; use_icon_font_size=&#8221;on&#8221; open_icon_color=&#8221;#12D678&#8243; open_toggle_icon=&#8221;&#x21;||divi||400&#8243; _builder_version=&#8221;4.17.3&#8243; _module_preset=&#8221;default&#8221; title_text_color=&#8221;#FFFFFF&#8221; title_font=&#8221;PT Sans|700|||||||&#8221; title_font_size=&#8221;20px&#8221; body_font=&#8221;Mukta|500|||||||&#8221; body_text_color=&#8221;#FFFFFF&#8221; body_font_size=&#8221;16px&#8221; body_line_height=&#8221;1.4em&#8221; body_font_size_tablet=&#8221;14px&#8221; body_font_size_phone=&#8221;14px&#8221; body_font_size_last_edited=&#8221;on|tablet&#8221; border_width_all=&#8221;0px&#8221; border_color_all=&#8221;#12D678&#8243; border_width_top=&#8221;1px&#8221; global_colors_info=&#8221;{}&#8221;]<\/p>\n<p>Este m\u00f3dulo contiene:<\/p>\n<ul>\n<li>An\u00e1lisis estructural normativo para estructuras de acero por NTC-2023<\/li>\n<li>An\u00e1lisis estructura normativo para estructuras de acero por AISC 360-16<\/li>\n<li>An\u00e1lisis-dise\u00f1o de vigas de acero<\/li>\n<li>An\u00e1lisis-dise\u00f1o de columnas de acero<\/li>\n<li>An\u00e1lisis-dise\u00f1o de losacero<\/li>\n<li>Modelaci\u00f3n de nave industrial tipo<\/li>\n<li>Modelaci\u00f3n de puente de acero con carga vehicular<\/li>\n<\/ul>\n<p>[\/et_pb_toggle][\/et_pb_column][et_pb_column type=&#8221;1_3&#8243; _builder_version=&#8221;4.17.0&#8243; _module_preset=&#8221;default&#8221; global_colors_info=&#8221;{}&#8221;][et_pb_image src=&#8221;https:\/\/chopili.com\/wp-content\/uploads\/2023\/07\/online-desig-course-icon-09.png&#8221; title_text=&#8221;online-desig-course-icon-09&#8243; align=&#8221;center&#8221; _builder_version=&#8221;4.21.0&#8243; _module_preset=&#8221;default&#8221; global_colors_info=&#8221;{}&#8221;][\/et_pb_image][et_pb_toggle title=&#8221;M\u00d3DULO 5 &#8211; %22RC%22&#8243; open_toggle_text_color=&#8221;#12D678&#8243; open_toggle_background_color=&#8221;#1E1F25&#8243; closed_toggle_background_color=&#8221;#1E1F25&#8243; icon_color=&#8221;#FFFFFF&#8221; toggle_icon=&#8221;&#x4c;||divi||400&#8243; use_icon_font_size=&#8221;on&#8221; open_icon_color=&#8221;#12D678&#8243; open_toggle_icon=&#8221;&#x21;||divi||400&#8243; _builder_version=&#8221;4.17.3&#8243; _module_preset=&#8221;default&#8221; title_text_color=&#8221;#FFFFFF&#8221; title_font=&#8221;PT Sans|700|||||||&#8221; title_font_size=&#8221;20px&#8221; body_font=&#8221;Mukta|500|||||||&#8221; body_text_color=&#8221;#FFFFFF&#8221; body_font_size=&#8221;16px&#8221; body_line_height=&#8221;1.4em&#8221; body_font_size_tablet=&#8221;14px&#8221; body_font_size_phone=&#8221;14px&#8221; body_font_size_last_edited=&#8221;on|tablet&#8221; border_width_all=&#8221;0px&#8221; border_color_all=&#8221;#12D678&#8243; border_width_top=&#8221;1px&#8221; locked=&#8221;off&#8221; global_colors_info=&#8221;{}&#8221;]<\/p>\n<p>Este m\u00f3dulo contiene:<\/p>\n<ul>\n<li>An\u00e1lisis estructural normativo para estructuras de acero por NTC-2023<\/li>\n<li>An\u00e1lisis estructura normativo para estructuras de acero por ACI-318<\/li>\n<li>Dise\u00f1o de vigas de concreto reforzado<\/li>\n<li>Dise\u00f1o de columnas de concreto reforzado<\/li>\n<li>An\u00e1lisis-dise\u00f1o de losa maciza<\/li>\n<li>An\u00e1lisis-dise\u00f1o de losa aligerada<\/li>\n<li>An\u00e1lisis-dise\u00f1o de losa hecha de vigueta y bovedilla<\/li>\n<li><span style=\"font-size: 16px;\">Modelaci\u00f3n de viga presforzada<\/span><\/li>\n<li>Modelaci\u00f3n de viga post-tensada<span style=\"font-size: 16px;\"><\/span><\/li>\n<\/ul>\n<p>[\/et_pb_toggle][\/et_pb_column][et_pb_column type=&#8221;1_3&#8243; _builder_version=&#8221;4.17.0&#8243; _module_preset=&#8221;default&#8221; global_colors_info=&#8221;{}&#8221;][et_pb_image src=&#8221;https:\/\/chopili.com\/wp-content\/uploads\/2023\/07\/online-desig-course-icon-09.png&#8221; title_text=&#8221;online-desig-course-icon-09&#8243; align=&#8221;center&#8221; _builder_version=&#8221;4.21.0&#8243; _module_preset=&#8221;default&#8221; global_colors_info=&#8221;{}&#8221;][\/et_pb_image][et_pb_toggle title=&#8221;M\u00d3DULO 6 &#8211; %22ADVANCED STRUCTURAL  ANALYSIS%22&#8243; open_toggle_text_color=&#8221;#12D678&#8243; open_toggle_background_color=&#8221;#1E1F25&#8243; closed_toggle_background_color=&#8221;#1E1F25&#8243; icon_color=&#8221;#FFFFFF&#8221; toggle_icon=&#8221;&#x4c;||divi||400&#8243; use_icon_font_size=&#8221;on&#8221; open_icon_color=&#8221;#12D678&#8243; open_toggle_icon=&#8221;&#x21;||divi||400&#8243; _builder_version=&#8221;4.17.3&#8243; _module_preset=&#8221;default&#8221; title_text_color=&#8221;#FFFFFF&#8221; title_font=&#8221;PT Sans|700|||||||&#8221; title_font_size=&#8221;20px&#8221; body_font=&#8221;Mukta|500|||||||&#8221; body_text_color=&#8221;#FFFFFF&#8221; body_font_size=&#8221;16px&#8221; body_line_height=&#8221;1.4em&#8221; body_font_size_tablet=&#8221;14px&#8221; body_font_size_phone=&#8221;14px&#8221; body_font_size_last_edited=&#8221;on|tablet&#8221; border_width_all=&#8221;0px&#8221; border_color_all=&#8221;#12D678&#8243; border_width_top=&#8221;1px&#8221; locked=&#8221;off&#8221; global_colors_info=&#8221;{}&#8221;]<\/p>\n<p>Este m\u00f3dulo contiene:<\/p>\n<ul>\n<li>An\u00e1lisis estructural con efectos P-Delta y P-delta<\/li>\n<li>An\u00e1lisis estructural de cables<\/li>\n<li>An\u00e1lisis no-lineal<\/li>\n<li><span style=\"font-size: 16px;\">An\u00e1lisis del empuj\u00f3n &#8220;Pushover&#8221;<\/span><\/li>\n<li>Otros tipos de an\u00e1lisis estructurales<span style=\"font-size: 16px;\"><\/span><\/li>\n<\/ul>\n<p>[\/et_pb_toggle][\/et_pb_column][\/et_pb_row][et_pb_row column_structure=&#8221;1_3,1_3,1_3&#8243; _builder_version=&#8221;4.17.0&#8243; _module_preset=&#8221;default&#8221; global_colors_info=&#8221;{}&#8221;][et_pb_column type=&#8221;1_3&#8243; _builder_version=&#8221;4.17.0&#8243; _module_preset=&#8221;default&#8221; global_colors_info=&#8221;{}&#8221;][\/et_pb_column][et_pb_column type=&#8221;1_3&#8243; _builder_version=&#8221;4.17.0&#8243; _module_preset=&#8221;default&#8221; global_colors_info=&#8221;{}&#8221;][et_pb_image src=&#8221;https:\/\/chopili.com\/wp-content\/uploads\/2023\/07\/online-desig-course-icon-09.png&#8221; title_text=&#8221;online-desig-course-icon-09&#8243; align=&#8221;center&#8221; _builder_version=&#8221;4.17.3&#8243; _module_preset=&#8221;default&#8221; global_colors_info=&#8221;{}&#8221;][\/et_pb_image][et_pb_toggle title=&#8221;M\u00d3DULO 7 &#8211; %22INTERFACING STAAD%22&#8243; open_toggle_text_color=&#8221;#12D678&#8243; open_toggle_background_color=&#8221;#1E1F25&#8243; closed_toggle_background_color=&#8221;#1E1F25&#8243; icon_color=&#8221;#FFFFFF&#8221; toggle_icon=&#8221;&#x4c;||divi||400&#8243; use_icon_font_size=&#8221;on&#8221; open_icon_color=&#8221;#12D678&#8243; open_toggle_icon=&#8221;&#x21;||divi||400&#8243; _builder_version=&#8221;4.17.3&#8243; _module_preset=&#8221;default&#8221; title_text_color=&#8221;#FFFFFF&#8221; title_font=&#8221;PT Sans|700|||||||&#8221; title_font_size=&#8221;20px&#8221; body_font=&#8221;Mukta|500|||||||&#8221; body_text_color=&#8221;#FFFFFF&#8221; body_font_size=&#8221;16px&#8221; body_line_height=&#8221;1.4em&#8221; body_font_size_tablet=&#8221;14px&#8221; body_font_size_phone=&#8221;14px&#8221; body_font_size_last_edited=&#8221;on|tablet&#8221; border_width_all=&#8221;0px&#8221; border_color_all=&#8221;#12D678&#8243; border_width_top=&#8221;1px&#8221; global_colors_info=&#8221;{}&#8221;]<\/p>\n<p>Este m\u00f3dulo contiene:<\/p>\n<ul>\n<li>PYTHON &amp; STAAD<\/li>\n<li>R, PYTHON &amp; STAAD<\/li>\n<li>STAAD &amp; MACRO<\/li>\n<li>MS-EXCEL, R &amp; STAAD<\/li>\n<li>AUTOCAD &amp; STAAD<\/li>\n<\/ul>\n<p>[\/et_pb_toggle][\/et_pb_column][et_pb_column type=&#8221;1_3&#8243; _builder_version=&#8221;4.17.0&#8243; _module_preset=&#8221;default&#8221; global_colors_info=&#8221;{}&#8221;][\/et_pb_column][\/et_pb_row][\/et_pb_section][et_pb_section fb_built=&#8221;1&#8243; admin_label=&#8221;Footer&#8221; _builder_version=&#8221;4.17.3&#8243; _module_preset=&#8221;default&#8221; background_color=&#8221;#000000&#8243; use_background_color_gradient=&#8221;on&#8221; background_color_gradient_stops=&#8221;rgba(0,0,0,0.2) 0%|#000000 90%&#8221; background_color_gradient_overlays_image=&#8221;on&#8221; background_image=&#8221;https:\/\/chopili.com\/wp-content\/uploads\/2022\/10\/online-course54.png&#8221; background_size=&#8221;contain&#8221; background_position=&#8221;top_center&#8221; background_repeat=&#8221;repeat-x&#8221; saved_tabs=&#8221;all&#8221; collapsed=&#8221;on&#8221; global_colors_info=&#8221;{}&#8221; da_is_popup=&#8221;off&#8221; da_exit_intent=&#8221;off&#8221; da_has_close=&#8221;on&#8221; da_alt_close=&#8221;off&#8221; da_dark_close=&#8221;off&#8221; da_not_modal=&#8221;on&#8221; da_is_singular=&#8221;off&#8221; da_with_loader=&#8221;off&#8221; da_has_shadow=&#8221;on&#8221; da_disable_devices=&#8221;off|off|off&#8221;][\/et_pb_section]<\/p>\n","protected":false},"excerpt":{"rendered":"<p>CURSOStaad.ProEsta serie de videos est\u00e1 organizada en m\u00f3dulos que van de lo b\u00e1sico a lo complejo.\u00a0INCLUYEMA = Modelaci\u00f3n y An\u00e1lisisMAD = Modelaci\u00f3n, An\u00e1lisis y Dise\u00f1o SP001: Interfaz gr\u00e1fica y configuraci\u00f3n SP002: Explicaci\u00f3n sobre ejes globales y locales para STAAD.PRO SP003: Buenas pr\u00e1cticas en staad.pro SP004: Modelado y geometr\u00eda de estructuras Sp005: Vistas a la hora [&hellip;]<\/p>\n","protected":false},"author":1,"featured_media":0,"parent":0,"menu_order":0,"comment_status":"closed","ping_status":"closed","template":"","meta":{"_et_pb_use_builder":"on","_et_pb_old_content":"","_et_gb_content_width":"","footnotes":""},"folder":[52],"class_list":["post-632","page","type-page","status-publish","hentry"],"_links":{"self":[{"href":"https:\/\/chopili.com\/index.php\/wp-json\/wp\/v2\/pages\/632","targetHints":{"allow":["GET"]}}],"collection":[{"href":"https:\/\/chopili.com\/index.php\/wp-json\/wp\/v2\/pages"}],"about":[{"href":"https:\/\/chopili.com\/index.php\/wp-json\/wp\/v2\/types\/page"}],"author":[{"embeddable":true,"href":"https:\/\/chopili.com\/index.php\/wp-json\/wp\/v2\/users\/1"}],"replies":[{"embeddable":true,"href":"https:\/\/chopili.com\/index.php\/wp-json\/wp\/v2\/comments?post=632"}],"version-history":[{"count":19,"href":"https:\/\/chopili.com\/index.php\/wp-json\/wp\/v2\/pages\/632\/revisions"}],"predecessor-version":[{"id":1191,"href":"https:\/\/chopili.com\/index.php\/wp-json\/wp\/v2\/pages\/632\/revisions\/1191"}],"wp:attachment":[{"href":"https:\/\/chopili.com\/index.php\/wp-json\/wp\/v2\/media?parent=632"}],"wp:term":[{"taxonomy":"folder","embeddable":true,"href":"https:\/\/chopili.com\/index.php\/wp-json\/wp\/v2\/folder?post=632"}],"curies":[{"name":"wp","href":"https:\/\/api.w.org\/{rel}","templated":true}]}}