{"id":965,"date":"2024-10-06T08:49:02","date_gmt":"2024-10-06T14:49:02","guid":{"rendered":"https:\/\/chopili.com\/?page_id=965"},"modified":"2024-11-09T18:01:25","modified_gmt":"2024-11-10T00:01:25","slug":"staad-pro","status":"publish","type":"page","link":"https:\/\/chopili.com\/index.php\/staad-pro\/","title":{"rendered":"STAAD-PRO"},"content":{"rendered":"\n[et_pb_section fb_built=&#8221;1&#8243; admin_label=&#8221;Header&#8221; _builder_version=&#8221;4.17.3&#8243; _module_preset=&#8221;default&#8221; background_color=&#8221;#000000&#8243; custom_padding=&#8221;||9px|||&#8221; da_disable_devices=&#8221;off|off|off&#8221; collapsed=&#8221;on&#8221; global_colors_info=&#8221;{}&#8221; da_is_popup=&#8221;off&#8221; da_exit_intent=&#8221;off&#8221; da_has_close=&#8221;on&#8221; da_alt_close=&#8221;off&#8221; da_dark_close=&#8221;off&#8221; da_not_modal=&#8221;on&#8221; da_is_singular=&#8221;off&#8221; da_with_loader=&#8221;off&#8221; da_has_shadow=&#8221;on&#8221;][et_pb_row column_structure=&#8221;1_3,2_3&#8243; _builder_version=&#8221;4.17.3&#8243; _module_preset=&#8221;default&#8221; global_colors_info=&#8221;{}&#8221;][et_pb_column type=&#8221;1_3&#8243; _builder_version=&#8221;4.17.0&#8243; _module_preset=&#8221;default&#8221; global_colors_info=&#8221;{}&#8221;][et_pb_text _builder_version=&#8221;4.21.0&#8243; _module_preset=&#8221;e6504a1b-67eb-4b3d-b023-bcab277610b6&#8243; header_4_font=&#8221;Mukta|800||on|||||&#8221; header_4_text_color=&#8221;#12D678&#8243; header_4_font_size=&#8221;14px&#8221; header_4_letter_spacing=&#8221;0.15em&#8221; header_4_line_height=&#8221;1.5em&#8221; custom_margin=&#8221;||0px||false|false&#8221; global_colors_info=&#8221;{}&#8221;]<h4>CURSO<\/h4>[\/et_pb_text][et_pb_text _builder_version=&#8221;4.21.0&#8243; _module_preset=&#8221;b327cbe4-b1d5-4b66-ad37-40c8f2f061ba&#8221; header_2_font=&#8221;PT Sans|700|||||||&#8221; header_2_text_color=&#8221;#FFFFFF&#8221; header_2_font_size=&#8221;48px&#8221; header_2_line_height=&#8221;1.35em&#8221; custom_margin=&#8221;||0px||false|false&#8221; header_2_font_size_tablet=&#8221;30px&#8221; header_2_font_size_phone=&#8221;22px&#8221; header_2_font_size_last_edited=&#8221;on|phone&#8221; global_colors_info=&#8221;{}&#8221;]<h2>Staad.Pro<\/h2>[\/et_pb_text][et_pb_text _builder_version=&#8221;4.21.0&#8243; _module_preset=&#8221;default&#8221; global_colors_info=&#8221;{}&#8221;]<p>Esta serie de videos est\u00e1 organizada en m\u00f3dulos que van de lo b\u00e1sico a lo complejo.\u00a0<\/p>[\/et_pb_text][\/et_pb_column][et_pb_column type=&#8221;2_3&#8243; _builder_version=&#8221;4.17.0&#8243; _module_preset=&#8221;default&#8221; global_colors_info=&#8221;{}&#8221;][et_pb_video src=&#8221;https:\/\/www.youtube.com\/watch?v=FkQuawiGWUw&#8221; image_src=&#8221;https:\/\/chopili.com\/wp-content\/uploads\/2023\/07\/online-course36.jpg&#8221; play_icon_color=&#8221;#12D678&#8243; font_icon=&#8221;&#xf144;||fa||900&#8243; _builder_version=&#8221;4.17.3&#8243; _module_preset=&#8221;default&#8221; border_width_all=&#8221;1px&#8221; border_color_all=&#8221;#12D678&#8243; global_colors_info=&#8221;{}&#8221;][\/et_pb_video][\/et_pb_column][\/et_pb_row][et_pb_row column_structure=&#8221;1_3,1_3,1_3&#8243; _builder_version=&#8221;4.27.2&#8243; _module_preset=&#8221;default&#8221; hover_enabled=&#8221;0&#8243; global_colors_info=&#8221;{}&#8221; sticky_enabled=&#8221;0&#8243;][et_pb_column type=&#8221;1_3&#8243; _builder_version=&#8221;4.17.0&#8243; _module_preset=&#8221;default&#8221; hover_enabled=&#8221;0&#8243; global_colors_info=&#8221;{}&#8221; sticky_enabled=&#8221;0&#8243;][et_pb_text _builder_version=&#8221;4.17.3&#8243; _module_preset=&#8221;e6504a1b-67eb-4b3d-b023-bcab277610b6&#8243; header_4_font=&#8221;Mukta|800||on|||||&#8221; header_4_text_color=&#8221;#12D678&#8243; header_4_font_size=&#8221;14px&#8221; header_4_letter_spacing=&#8221;0.15em&#8221; header_4_line_height=&#8221;1.5em&#8221; custom_margin=&#8221;||0px||false|false&#8221; global_colors_info=&#8221;{}&#8221;]<h4>INCLUYE<\/h4>[\/et_pb_text][et_pb_text _builder_version=&#8221;4.27.2&#8243; _module_preset=&#8221;4c43b4b6-66bf-432d-959a-705bda24a650&#8243; text_font=&#8221;Mukta|500|||||||&#8221; text_text_color=&#8221;rgba(255,255,255,0.6)&#8221; text_line_height=&#8221;1.4em&#8221; custom_padding=&#8221;0px|||||&#8221; hover_enabled=&#8221;0&#8243; header_font_size_tablet=&#8221;55px&#8221; header_font_size_last_edited=&#8221;off|desktop&#8221; global_colors_info=&#8221;{}&#8221; sticky_enabled=&#8221;0&#8243;]<ul>\n<li>Modulo 0: INTRO<\/li>\n<li>M\u00f3duo 1: &#8220;LET&#8217;s GO&#8221;<\/li>\n<li>M\u00f3dulo 2: &#8220;APPLY&#8221;<\/li>\n<li>M\u00f3dulo 3: &#8220;STEEL&#8221;<\/li>\n<li>M\u00f3dulo 4: Lectura de datos de entrada y salida<\/li>\n<li>M\u00f3dulo 5: Secciones tranversales y materiales<\/li>\n<li>M\u00f3dulo 6: Acciones sobre estructuras<\/li>\n<li>M\u00f3dulo 7: Uso de especificaciones<\/li>\n<li>M\u00f3dulo 8: Condiciones de frontera diversas.<\/li>\n<li>M\u00f3dulo 9: Detalles y lectura de datos de entrada y salida<\/li>\n<\/ul>\n<pre class=\"wp-block-preformatted\"><\/p>\n<p>&nbsp;<\/p>[\/et_pb_text][\/et_pb_column][et_pb_column type=&#8221;1_3&#8243; _builder_version=&#8221;4.17.0&#8243; _module_preset=&#8221;default&#8221; hover_enabled=&#8221;0&#8243; global_colors_info=&#8221;{}&#8221; sticky_enabled=&#8221;0&#8243;][et_pb_text _builder_version=&#8221;4.17.3&#8243; _module_preset=&#8221;e6504a1b-67eb-4b3d-b023-bcab277610b6&#8243; header_4_font=&#8221;Mukta|800||on|||||&#8221; header_4_text_color=&#8221;#12D678&#8243; header_4_font_size=&#8221;14px&#8221; header_4_letter_spacing=&#8221;0.15em&#8221; header_4_line_height=&#8221;1.5em&#8221; custom_margin=&#8221;||0px||false|false&#8221; global_colors_info=&#8221;{}&#8221;]<h4>INCLUYE<\/h4>[\/et_pb_text][et_pb_text _builder_version=&#8221;4.27.2&#8243; _module_preset=&#8221;4c43b4b6-66bf-432d-959a-705bda24a650&#8243; text_font=&#8221;Mukta|500|||||||&#8221; text_text_color=&#8221;rgba(255,255,255,0.6)&#8221; text_line_height=&#8221;1.4em&#8221; custom_padding=&#8221;0px|||||&#8221; hover_enabled=&#8221;0&#8243; header_font_size_tablet=&#8221;55px&#8221; header_font_size_last_edited=&#8221;off|desktop&#8221; global_colors_info=&#8221;{}&#8221; sticky_enabled=&#8221;0&#8243;]<ul>\n<li>Modulo 0: INTRO<\/li>\n<li>M\u00f3duo 1: &#8220;LET&#8217;s GO&#8221;<\/li>\n<li>M\u00f3dulo 2: &#8220;APPLY&#8221;<\/li>\n<li>M\u00f3dulo 3: &#8220;STEEL&#8221;<\/li>\n<li>M\u00f3dulo 4: Lectura de datos de entrada y salida<\/li>\n<li>M\u00f3dulo 5: Secciones tranversales y materiales<\/li>\n<li>M\u00f3dulo 6: Acciones sobre estructuras<\/li>\n<li>M\u00f3dulo 7: Uso de especificaciones<\/li>\n<li>M\u00f3dulo 8: Condiciones de frontera diversas.<\/li>\n<li>M\u00f3dulo 9: Detalles y lectura de datos de entrada y salida<\/li>\n<\/ul>\n<pre class=\"wp-block-preformatted\"><\/p>\n<p>&nbsp;<\/p>[\/et_pb_text][\/et_pb_column][et_pb_column type=&#8221;1_3&#8243; _builder_version=&#8221;4.17.1&#8243; _module_preset=&#8221;default&#8221; custom_padding_tablet=&#8221;30px||30px||true|false&#8221; custom_padding_phone=&#8221;30px||30px||true|false&#8221; custom_padding_last_edited=&#8221;on|tablet&#8221; global_colors_info=&#8221;{}&#8221;][et_pb_text _builder_version=&#8221;4.24.2&#8243; _module_preset=&#8221;aaa7c440-590a-4078-ae0c-0f3c699ac51c&#8221; header_font=&#8221;||||||||&#8221; header_3_font=&#8221;PT Sans|700|||||||&#8221; header_3_text_color=&#8221;#12D678&#8243; header_3_font_size=&#8221;25px&#8221; header_3_line_height=&#8221;1.4em&#8221; custom_margin=&#8221;||0px||false|false&#8221; header_3_font_size_tablet=&#8221;20px&#8221; header_3_font_size_phone=&#8221;18px&#8221; header_3_font_size_last_edited=&#8221;on|phone&#8221; locked=&#8221;off&#8221; global_colors_info=&#8221;{}&#8221;]<h3>Videos, tips &amp; ayudas de dise\u00f1o<\/h3>[\/et_pb_text][et_pb_text _builder_version=&#8221;4.24.2&#8243; _module_preset=&#8221;4c43b4b6-66bf-432d-959a-705bda24a650&#8243; text_font=&#8221;Mukta|500|||||||&#8221; text_text_color=&#8221;rgba(255,255,255,0.6)&#8221; text_line_height=&#8221;1.4em&#8221; header_font_size_tablet=&#8221;55px&#8221; header_font_size_last_edited=&#8221;off|desktop&#8221; locked=&#8221;off&#8221; global_colors_info=&#8221;{}&#8221;]<p>Cada secci\u00f3n y m\u00f3dulo contiene videos did\u00e1cticos que est\u00e1n acompa\u00f1ados de consejos importantes a la hora del dise\u00f1o y ayudas de dise\u00f1o que pueden venir en forma de p\u00e1ginas web que te acompa\u00f1an con los c\u00e1lculos.<\/p>[\/et_pb_text][\/et_pb_column][\/et_pb_row][\/et_pb_section][et_pb_section fb_built=&#8221;1&#8243; admin_label=&#8221;Footer&#8221; _builder_version=&#8221;4.17.3&#8243; _module_preset=&#8221;default&#8221; background_color=&#8221;#000000&#8243; use_background_color_gradient=&#8221;on&#8221; background_color_gradient_stops=&#8221;rgba(0,0,0,0.2) 0%|#000000 90%&#8221; background_color_gradient_overlays_image=&#8221;on&#8221; background_image=&#8221;https:\/\/chopili.com\/wp-content\/uploads\/2022\/10\/online-course54.png&#8221; background_size=&#8221;contain&#8221; background_position=&#8221;top_center&#8221; background_repeat=&#8221;repeat-x&#8221; da_disable_devices=&#8221;off|off|off&#8221; saved_tabs=&#8221;all&#8221; collapsed=&#8221;on&#8221; global_colors_info=&#8221;{}&#8221; da_is_popup=&#8221;off&#8221; da_exit_intent=&#8221;off&#8221; da_has_close=&#8221;on&#8221; da_alt_close=&#8221;off&#8221; da_dark_close=&#8221;off&#8221; da_not_modal=&#8221;on&#8221; da_is_singular=&#8221;off&#8221; da_with_loader=&#8221;off&#8221; da_has_shadow=&#8221;on&#8221;][\/et_pb_section]\n","protected":false},"excerpt":{"rendered":"<p>CURSOStaad.ProEsta serie de videos est\u00e1 organizada en m\u00f3dulos que van de lo b\u00e1sico a lo complejo.\u00a0INCLUYE Modulo 0: INTRO M\u00f3duo 1: &#8220;LET&#8217;s GO&#8221; M\u00f3dulo 2: &#8220;APPLY&#8221; M\u00f3dulo 3: &#8220;STEEL&#8221; M\u00f3dulo 4: Lectura de datos de entrada y salida M\u00f3dulo 5: Secciones tranversales y materiales M\u00f3dulo 6: Acciones sobre estructuras M\u00f3dulo 7: Uso de especificaciones M\u00f3dulo [&hellip;]<\/p>\n","protected":false},"author":1,"featured_media":0,"parent":0,"menu_order":0,"comment_status":"closed","ping_status":"closed","template":"","meta":{"_et_pb_use_builder":"on","_et_pb_old_content":"","_et_gb_content_width":"","footnotes":""},"folder":[52],"class_list":["post-965","page","type-page","status-publish","hentry"],"_links":{"self":[{"href":"https:\/\/chopili.com\/index.php\/wp-json\/wp\/v2\/pages\/965","targetHints":{"allow":["GET"]}}],"collection":[{"href":"https:\/\/chopili.com\/index.php\/wp-json\/wp\/v2\/pages"}],"about":[{"href":"https:\/\/chopili.com\/index.php\/wp-json\/wp\/v2\/types\/page"}],"author":[{"embeddable":true,"href":"https:\/\/chopili.com\/index.php\/wp-json\/wp\/v2\/users\/1"}],"replies":[{"embeddable":true,"href":"https:\/\/chopili.com\/index.php\/wp-json\/wp\/v2\/comments?post=965"}],"version-history":[{"count":11,"href":"https:\/\/chopili.com\/index.php\/wp-json\/wp\/v2\/pages\/965\/revisions"}],"predecessor-version":[{"id":1167,"href":"https:\/\/chopili.com\/index.php\/wp-json\/wp\/v2\/pages\/965\/revisions\/1167"}],"wp:attachment":[{"href":"https:\/\/chopili.com\/index.php\/wp-json\/wp\/v2\/media?parent=965"}],"wp:term":[{"taxonomy":"folder","embeddable":true,"href":"https:\/\/chopili.com\/index.php\/wp-json\/wp\/v2\/folder?post=965"}],"curies":[{"name":"wp","href":"https:\/\/api.w.org\/{rel}","templated":true}]}}